{"id":10,"date":"2025-12-15T21:24:31","date_gmt":"2025-12-15T21:24:31","guid":{"rendered":"http:\/\/localhost:9919\/?product=alap-csomag"},"modified":"2025-12-20T06:00:28","modified_gmt":"2025-12-20T06:00:28","slug":"alap-csomag","status":"publish","type":"product","link":"https:\/\/milpay.awp.hu\/?product=alap-csomag","title":{"rendered":"Alap Csomag"},"content":{"rendered":"<p>Alap szolg\u00e1ltat\u00e1si csomag<\/p>\n","protected":false},"excerpt":{"rendered":"<p>10 000 Ft \u00e9rt\u00e9k\u0171 alap csomag<\/p>\n","protected":false},"featured_media":0,"comment_status":"open","ping_status":"closed","template":"","meta":[],"product_brand":[],"product_cat":[15],"product_tag":[],"class_list":{"0":"post-10","1":"product","2":"type-product","3":"status-publish","5":"product_cat-uncategorized","7":"first","8":"instock","9":"shipping-taxable","10":"purchasable","11":"product-type-simple"},"_links":{"self":[{"href":"https:\/\/milpay.awp.hu\/index.php?rest_route=\/wp\/v2\/product\/10","targetHints":{"allow":["GET"]}}],"collection":[{"href":"https:\/\/milpay.awp.hu\/index.php?rest_route=\/wp\/v2\/product"}],"about":[{"href":"https:\/\/milpay.awp.hu\/index.php?rest_route=\/wp\/v2\/types\/product"}],"replies":[{"embeddable":true,"href":"https:\/\/milpay.awp.hu\/index.php?rest_route=%2Fwp%2Fv2%2Fcomments&post=10"}],"wp:attachment":[{"href":"https:\/\/milpay.awp.hu\/index.php?rest_route=%2Fwp%2Fv2%2Fmedia&parent=10"}],"wp:term":[{"taxonomy":"product_brand","embeddable":true,"href":"https:\/\/milpay.awp.hu\/index.php?rest_route=%2Fwp%2Fv2%2Fproduct_brand&post=10"},{"taxonomy":"product_cat","embeddable":true,"href":"https:\/\/milpay.awp.hu\/index.php?rest_route=%2Fwp%2Fv2%2Fproduct_cat&post=10"},{"taxonomy":"product_tag","embeddable":true,"href":"https:\/\/milpay.awp.hu\/index.php?rest_route=%2Fwp%2Fv2%2Fproduct_tag&post=10"}],"curies":[{"name":"wp","href":"https:\/\/api.w.org\/{rel}","templated":true}]}}