{"id":11,"date":"2025-12-15T21:24:37","date_gmt":"2025-12-15T21:24:37","guid":{"rendered":"http:\/\/localhost:9919\/?product=standard-csomag"},"modified":"2025-12-15T21:24:37","modified_gmt":"2025-12-15T21:24:37","slug":"standard-csomag","status":"publish","type":"product","link":"https:\/\/milpay.awp.hu\/?product=standard-csomag","title":{"rendered":"Standard Csomag"},"content":{"rendered":"<p>Standard szolg\u00e1ltat\u00e1si csomag<\/p>\n","protected":false},"excerpt":{"rendered":"<p>20 000 Ft \u00e9rt\u00e9k\u0171 standard csomag<\/p>\n","protected":false},"featured_media":0,"comment_status":"open","ping_status":"closed","template":"","meta":[],"product_brand":[],"product_cat":[15],"product_tag":[],"class_list":{"0":"post-11","1":"product","2":"type-product","3":"status-publish","5":"product_cat-uncategorized","7":"first","8":"instock","9":"shipping-taxable","10":"purchasable","11":"product-type-simple"},"_links":{"self":[{"href":"https:\/\/milpay.awp.hu\/index.php?rest_route=\/wp\/v2\/product\/11","targetHints":{"allow":["GET"]}}],"collection":[{"href":"https:\/\/milpay.awp.hu\/index.php?rest_route=\/wp\/v2\/product"}],"about":[{"href":"https:\/\/milpay.awp.hu\/index.php?rest_route=\/wp\/v2\/types\/product"}],"replies":[{"embeddable":true,"href":"https:\/\/milpay.awp.hu\/index.php?rest_route=%2Fwp%2Fv2%2Fcomments&post=11"}],"wp:attachment":[{"href":"https:\/\/milpay.awp.hu\/index.php?rest_route=%2Fwp%2Fv2%2Fmedia&parent=11"}],"wp:term":[{"taxonomy":"product_brand","embeddable":true,"href":"https:\/\/milpay.awp.hu\/index.php?rest_route=%2Fwp%2Fv2%2Fproduct_brand&post=11"},{"taxonomy":"product_cat","embeddable":true,"href":"https:\/\/milpay.awp.hu\/index.php?rest_route=%2Fwp%2Fv2%2Fproduct_cat&post=11"},{"taxonomy":"product_tag","embeddable":true,"href":"https:\/\/milpay.awp.hu\/index.php?rest_route=%2Fwp%2Fv2%2Fproduct_tag&post=11"}],"curies":[{"name":"wp","href":"https:\/\/api.w.org\/{rel}","templated":true}]}}